{"id":2,"date":"2015-11-06T14:27:49","date_gmt":"2015-11-06T14:27:49","guid":{"rendered":"http:\/\/seminar.com.br\/?page_id=2"},"modified":"2016-02-05T02:01:44","modified_gmt":"2016-02-05T04:01:44","slug":"about","status":"publish","type":"page","link":"https:\/\/seminar.com.br\/?page_id=2","title":{"rendered":"Quem somos"},"content":{"rendered":"<h1>Tradi\u00e7\u00e3o e Qualidade Internacional em Terapia Manual.<\/h1>\n<p>O Hands-on Seminars foi fundado em 1992, nos Estados Unidos, por Dimitrios Kostopoulos e Konstantine Rizopoulos. Mais de 20 anos de hist\u00f3ria, agora tamb\u00e9m no Brasil, ensinando e difundindo o melhor da Terapia Manual.<\/p>\n<p>&nbsp;<\/p>\n<hr \/>\n<h2><\/h2>\n<h2>UM BREVE RESUMO DE NOSSA HISTORIA<\/h2>\n<p><img loading=\"lazy\" decoding=\"async\" class=\"alignleft size-thumbnail wp-image-310\" src=\"http:\/\/seminar.com.br\/wp-content\/uploads\/2016\/01\/american-150x150.jpg\" alt=\"american\" width=\"150\" height=\"150\" srcset=\"https:\/\/seminar.com.br\/wp-content\/uploads\/2016\/01\/american-150x150.jpg 150w, https:\/\/seminar.com.br\/wp-content\/uploads\/2016\/01\/american-180x180.jpg 180w\" sizes=\"auto, (max-width: 150px) 100vw, 150px\" \/>1992<br \/>\nFunda\u00e7\u00e3o do Hands-on Seminars nos Estados Unidos, por Dimitrios Kostopoulos e Konstantine Rizopoulos,<\/p>\n<p><img loading=\"lazy\" decoding=\"async\" class=\"alignleft size-thumbnail wp-image-328\" src=\"http:\/\/seminar.com.br\/wp-content\/uploads\/2016\/01\/brazilian-150x150.jpg\" alt=\"brazilian\" width=\"150\" height=\"150\" srcset=\"https:\/\/seminar.com.br\/wp-content\/uploads\/2016\/01\/brazilian-150x150.jpg 150w, https:\/\/seminar.com.br\/wp-content\/uploads\/2016\/01\/brazilian-180x180.jpg 180w\" sizes=\"auto, (max-width: 150px) 100vw, 150px\" \/>2005<br \/>\nHands-on Seminars envia seus primeiros cursos ao Brasil atrav\u00e9s de parcerias.<\/p>\n<p><img loading=\"lazy\" decoding=\"async\" class=\"alignleft size-thumbnail wp-image-372\" src=\"http:\/\/seminar.com.br\/wp-content\/uploads\/2016\/01\/32-150x150.jpg\" alt=\"32\" width=\"150\" height=\"150\" srcset=\"https:\/\/seminar.com.br\/wp-content\/uploads\/2016\/01\/32-150x150.jpg 150w, https:\/\/seminar.com.br\/wp-content\/uploads\/2016\/01\/32-180x180.jpg 180w, https:\/\/seminar.com.br\/wp-content\/uploads\/2016\/01\/32-300x300.jpg 300w\" sizes=\"auto, (max-width: 150px) 100vw, 150px\" \/>2015<br \/>\nDimitrios Kostopolous, Konstantine Rizopoulos e Joe Rosario fundam o Hands-on Seminars Brasil, acompanhados de grandes estrelas da fisioterapia brasileira no time de\u00a0professores.<\/p>\n<p>Mais de 20 anos de hist\u00f3ria nos EUA e mais de 10 anos de hist\u00f3ria no Brasil trabalhando para o seu desenvolvimento.<\/p>\n<p>&nbsp;<\/p>\n<hr \/>\n<h2><\/h2>\n<h2 style=\"text-align: left;\">NOSSA FILOSOFIA<\/h2>\n<p style=\"text-align: justify;\">Hands-on Seminars \u00e9 uma organiza\u00e7\u00e3o l\u00edder em educa\u00e7\u00e3o continuada com a finalidade de proporcionar semin\u00e1rios e cursos da melhor qualidade em terapia manual.<\/p>\n<p style=\"text-align: justify;\">Nosso objetivo \u00e9 aumentar a qualidade da sa\u00fade no mundo. Para que isso aconte\u00e7a, cada terapeuta \u00e9 visto como um transformador da sociedade que ele atinge e impacta. Deste modo, fornecemos a voc\u00ea as ferramentas que precisa para enfrentar os desafios di\u00e1rios de presta\u00e7\u00e3o de cuidados de qualidade aos pacientes. Assim, voc\u00ea transformar\u00e1 positivamente a sociedade.<\/p>\n<p style=\"text-align: justify;\">Para nos certificarmos que sua aprendizagem atingir\u00e1 este objetivo, nossos instrutores, l\u00edderes da ind\u00fastria da educa\u00e7\u00e3o e da terapia manual, s\u00e3o altamente treinados e motivados para garantir o seu sucesso em cada curso que voc\u00ea completa. Aliado aos m\u00e9todos de ensino exclusivos, promovemos\u00a0um ambiente de aprendizagem agrad\u00e1vel\u00a0que a assimila\u00e7\u00e3o do conhecimento.<\/p>\n<h2>Qualidade e Padr\u00e3o Internacional em Terapia Manual<\/h2>\n<p>Visando atingir e manter altos padr\u00f5es de ensino, o Hands-on Seminars concebeu os seus cursos com base nas &#8220;Normas de Qualidade para Ofertas em Educa\u00e7\u00e3o Continuada &#8221; da Associa\u00e7\u00e3o Americana de Fisioterapia (American Physical Therapy Association &#8211; APTA). Al\u00e9m disso, todos os cursos Hands-On Seminars utilizam ci\u00eancia e a pr\u00e1tica baseada em evid\u00eancias.<\/p>\n<p>Nossos participantes tem a oportunidade de avaliar os cursos.Com o compromisso de melhora constante, n\u00f3s lemos e analisamos o coment\u00e1rio de cada participante e promovemos mudan\u00e7as no sentido de trazer a todos uma experi\u00eancia cada vez mais enriquecedora.<\/p>\n<p>&nbsp;<\/p>\n<hr \/>\n<h2><\/h2>\n<h2>CONHE\u00c7A NOSSOS DIRETORES<\/h2>\n<p>&nbsp;<\/p>\n<h2>DR. DIMITRIOS KOSTOPOULOS &#8211; Diretor, Professor<\/h2>\n<p><img loading=\"lazy\" decoding=\"async\" class=\"alignleft size-thumbnail wp-image-312\" src=\"http:\/\/seminar.com.br\/wp-content\/uploads\/2016\/01\/dimitrios-150x150.jpg\" alt=\"dimitrios\" width=\"150\" height=\"150\" srcset=\"https:\/\/seminar.com.br\/wp-content\/uploads\/2016\/01\/dimitrios-150x150.jpg 150w, https:\/\/seminar.com.br\/wp-content\/uploads\/2016\/01\/dimitrios-300x300.jpg 300w, https:\/\/seminar.com.br\/wp-content\/uploads\/2016\/01\/dimitrios-180x180.jpg 180w, https:\/\/seminar.com.br\/wp-content\/uploads\/2016\/01\/dimitrios.jpg 585w\" sizes=\"auto, (max-width: 150px) 100vw, 150px\" \/><\/p>\n<p>Dr. Kostopoulos \u00e9 reconhecido mundialmente como especialista em Dor Miofascial e co-fundador do Hands-on Seminars US e Hands-on Seminars Brasil. Obteve seu doutorado (PhD) e mestrado na Universidade de Nova York e seu segundo doutorado em Ci\u00eancias (DSc) na Universidade de Rocky Mountain (Eletrofisiologia Cl\u00ednica). Ele tamb\u00e9m \u00e9 m\u00e9dico pela UHSA School of Medicine.<\/p>\n<p>Dr. Kostopoulos tem uma vasta experi\u00eancia em treinamento e ensino em diferentes \u00e1reas da terapia manual com \u00eanfase em Pontos Gatilhos Miofasciais, Terapia Neurofascial e Manipula\u00e7\u00e3o. Ele tamb\u00e9m \u00e9 especialista em teste de Eletroneuromiografia e Eletrofisiologia Cl\u00ednica. Ele foi membro do corpo docente da Mercy College, \u00e9 Diplomado pelo Academia Americana de Manejo da Dor e \u00e9 membro ativo da American Physical Therapy Association (Associa\u00e7\u00e3o Americana de Fisioterapia) e da American Academy of Orthopedic and Manipulative Physical Therapy (Academia Americana de Fisioterapia Manipulativa).<\/p>\n<p>Dr. Kostopoulos ensinou estudantes nos EUA, Europa, \u00c1sia, \u00c1frica e Am\u00e9rica Latina e publicou numerosos artigos de pesquisa. Ele \u00e9 um editor associado para o Journal of Bodywork and Movement Therapies publicado pela Elsevier e editor contribuidor do Indian Journal of Physical Therapy. Dimitrios Kostopoulos e Konstantine Rizopoulos s\u00e3o os autores do Livro, v\u00eddeo e P\u00f4steres de &#8220;Pontos Gatilhos &amp; Terapia Miofascial&#8221; al\u00e9m de uma s\u00e9rie de v\u00eddeos em Terapia Manual. Eles tamb\u00e9m s\u00e3o os desenvolvedores de uma abordagem terap\u00eautica abrangente que integra t\u00e9cnicas de terapia de pontos gatilhos, neurofascial, miofascial, proprioceptivas e manipuladoras.<\/p>\n<h2><\/h2>\n<h2>DR. KONSTANTINE RIZOPOULOS &#8211; Diretor, Professor<\/h2>\n<p><img loading=\"lazy\" decoding=\"async\" class=\"alignleft size-thumbnail wp-image-320\" src=\"http:\/\/seminar.com.br\/wp-content\/uploads\/2016\/01\/konstantine-150x150.jpg\" alt=\"konstantine\" width=\"150\" height=\"150\" srcset=\"https:\/\/seminar.com.br\/wp-content\/uploads\/2016\/01\/konstantine-150x150.jpg 150w, https:\/\/seminar.com.br\/wp-content\/uploads\/2016\/01\/konstantine-300x300.jpg 300w, https:\/\/seminar.com.br\/wp-content\/uploads\/2016\/01\/konstantine-180x180.jpg 180w, https:\/\/seminar.com.br\/wp-content\/uploads\/2016\/01\/konstantine.jpg 585w\" sizes=\"auto, (max-width: 150px) 100vw, 150px\" \/><\/p>\n<p>Konstantine Rizopoulos \u00e9 reconhecido mundialmente como especialista em Dor Miofascial e co-fundador da Hands-On Seminars US e Hands-On Seminars Brasil. Ele obteve seu diploma de gradua\u00e7\u00e3o da Universidade de Atenas, na Gr\u00e9cia e completou extensos cursos de p\u00f3s-gradua\u00e7\u00e3o. Ele ganhou seu Doutorado em Fisioterapia atrav\u00e9s de &#8220;Evidence in Motion&#8221;. Dr. Rizopoulos tem uma vasta experi\u00eancia na \u00e1rea de terapia manual, particularmente em Terapias Miofasciais e de Pontos Gatilhos, Neuromobiliza\u00e7\u00e3o, Tens\u00e3o e Contra-tens\u00e3o e Energia Muscular.<\/p>\n<p>Al\u00e9m disso, Dr. Konstantine \u00e9 um Master Practitioner em Programa\u00e7\u00e3o Neurolonguistica e \u00e9 especializado em consultoria pessoal e empresarial para identificar e libertar o seu verdadeiro potencial. Dr. Konstantine \u00e9 um membro ativo da APTA (Associa\u00e7\u00e3o Americana de Fisioterapia), membro da American Back Society (Sociedade Americana de Coluna) e membro da Hellenic Medical Society (Sociedade M\u00e9dica Hel\u00eanica). Ele ministra\u00a0palestras internacionalmente em confer\u00eancias e cursos de educa\u00e7\u00e3o continuada atrav\u00e9s do Hands-On Seminars e publicou numerosos estudos. Ele \u00e9 um editor contribuidor para a Indian Journal of Physical Therapy.<\/p>\n<p>Konstantine Rizopoulos e Dimitrios Kostopoulos s\u00e3o os autores do Livro, v\u00eddeo e P\u00f4steres de &#8220;Pontos Gatilhos &amp; Terapia Miofascial&#8221; al\u00e9m de uma s\u00e9rie de v\u00eddeos em Terapia Manual. Eles tamb\u00e9m s\u00e3o os desenvolvedores de uma abordagem terap\u00eautica abrangente que integra t\u00e9cnicas de terapia de pontos gatilhos, neurofascial, miofascial, proprioceptivas e manipuladoras.<\/p>\n<h2><\/h2>\n<h2>DR. JOE ROSARIO &#8211; Diretor, Professor<\/h2>\n<p><img loading=\"lazy\" decoding=\"async\" class=\"alignleft size-thumbnail wp-image-317\" src=\"http:\/\/seminar.com.br\/wp-content\/uploads\/2016\/01\/joe-150x150.jpg\" alt=\"joe\" width=\"150\" height=\"150\" srcset=\"https:\/\/seminar.com.br\/wp-content\/uploads\/2016\/01\/joe-150x150.jpg 150w, https:\/\/seminar.com.br\/wp-content\/uploads\/2016\/01\/joe-300x300.jpg 300w, https:\/\/seminar.com.br\/wp-content\/uploads\/2016\/01\/joe-180x180.jpg 180w, https:\/\/seminar.com.br\/wp-content\/uploads\/2016\/01\/joe.jpg 585w\" sizes=\"auto, (max-width: 150px) 100vw, 150px\" \/><\/p>\n<p>Dr. Joe Rosario \u00e9 formado nas melhores institui\u00e7\u00f5es do Brasil e do Mundo. Fisioterapeuta pela UFSCar, Mestre pela USP, Especialista em tr\u00eas \u00e1reas: Acupuntura, Coluna e Postura. Doutor em Naturopatia no Trinity College (EUA) e Psicobiologia na UNIFESP. P\u00f3s-Doutorado em Medicina Comportamental (UNIFESP). Master Certification in Manual Therapy (Hands-On Seminars, Nova York, EUA). Dr Joe, \u00e9 tamb\u00e9m co-fundador do Hands-on Seminars Brasil.<\/p>\n<p>Dr. Joe \u00e9 autor de diversos livros e artigos cient\u00edficos internacionais. \u00c9 criador do MPA &#8211; Master in Postural Adjustment, compostos basicamente pelos m\u00f3dulos de Postural Balance, Dynamical Balance e Emotional Balance, todos baseados numa extensa pesquisa cient\u00edfica e cl\u00ednica. Estes m\u00e9todos tem sido ensinados no Hands-on Seminars US e agora s\u00e3o ensinados tamb\u00e9m no Hands-on Seminars Brasil.<\/p>\n<p>J\u00e1 deu aulas em algumas Universidades brasileiras importantes como Universidade de S\u00e3o Paulo, Universidade Federal de S\u00e3o Paulo, Universidade Estadual do Centro-Oeste; e j\u00e1 coordenou e ministrou aulas em cursos de aprimoramento e especializa\u00e7\u00e3o em Quiropraxia, Reeduca\u00e7\u00e3o Postural Global, Maitland, Pilates, Yoga e Facilita\u00e7\u00e3o Neuromuscuar Proprioceptiva.<\/p>\n<p>Tendo estudado o comportamento humano, emo\u00e7\u00f5es e bem-estar na sua tese de doutorado e no p\u00f3s-doutorado, \u00e9 tamb\u00e9m editor do International Journal of Psychology and Psychoanalysis. \u00c9 membro fundador da AFB &#8211; Associa\u00e7\u00e3o de Fisioterapeutas do Brasil e tamb\u00e9m \u00e9 membro da APTA &#8211; American Physical Therapy Association (Associa\u00e7\u00e3o Americana de Fisioterapia).<\/p>\n<p>&nbsp;<\/p>\n","protected":false},"excerpt":{"rendered":"<p>Tradi\u00e7\u00e3o e Qualidade Internacional em Terapia Manual. O Hands-on Seminars foi fundado em 1992, nos Estados Unidos, por Dimitrios Kostopoulos e Konstantine Rizopoulos. Mais de 20 anos de hist\u00f3ria, agora tamb\u00e9m no Brasil, ensinando e difundindo o melhor da Terapia Manual. &nbsp; UM BREVE RESUMO DE NOSSA HISTORIA 1992 Funda\u00e7\u00e3o do Hands-on Seminars nos Estados [&hellip;]<\/p>\n","protected":false},"author":1,"featured_media":673,"parent":0,"menu_order":0,"comment_status":"open","ping_status":"open","template":"","meta":{"footnotes":""},"class_list":["post-2","page","type-page","status-publish","has-post-thumbnail","czr-hentry"],"_links":{"self":[{"href":"https:\/\/seminar.com.br\/index.php?rest_route=\/wp\/v2\/pages\/2","targetHints":{"allow":["GET"]}}],"collection":[{"href":"https:\/\/seminar.com.br\/index.php?rest_route=\/wp\/v2\/pages"}],"about":[{"href":"https:\/\/seminar.com.br\/index.php?rest_route=\/wp\/v2\/types\/page"}],"author":[{"embeddable":true,"href":"https:\/\/seminar.com.br\/index.php?rest_route=\/wp\/v2\/users\/1"}],"replies":[{"embeddable":true,"href":"https:\/\/seminar.com.br\/index.php?rest_route=%2Fwp%2Fv2%2Fcomments&post=2"}],"version-history":[{"count":24,"href":"https:\/\/seminar.com.br\/index.php?rest_route=\/wp\/v2\/pages\/2\/revisions"}],"predecessor-version":[{"id":672,"href":"https:\/\/seminar.com.br\/index.php?rest_route=\/wp\/v2\/pages\/2\/revisions\/672"}],"wp:featuredmedia":[{"embeddable":true,"href":"https:\/\/seminar.com.br\/index.php?rest_route=\/wp\/v2\/media\/673"}],"wp:attachment":[{"href":"https:\/\/seminar.com.br\/index.php?rest_route=%2Fwp%2Fv2%2Fmedia&parent=2"}],"curies":[{"name":"wp","href":"https:\/\/api.w.org\/{rel}","templated":true}]}}