{"id":279,"date":"2016-01-13T19:30:13","date_gmt":"2016-01-13T21:30:13","guid":{"rendered":"http:\/\/seminar.com.br\/?page_id=279"},"modified":"2016-04-28T18:28:36","modified_gmt":"2016-04-28T21:28:36","slug":"home","status":"publish","type":"page","link":"https:\/\/seminar.com.br\/","title":{"rendered":"Home"},"content":{"rendered":"<p>&nbsp;<\/p>\n<p>&nbsp;<\/p>\n<h2 style=\"text-align: center;\">PARCEIROS<\/h2>\n<p><img loading=\"lazy\" decoding=\"async\" class=\"size-full wp-image-621 aligncenter\" src=\"http:\/\/seminar.com.br\/wp-content\/uploads\/2016\/01\/parceiros3.jpg\" alt=\"parceiros3\" width=\"1400\" height=\"140\" srcset=\"https:\/\/seminar.com.br\/wp-content\/uploads\/2016\/01\/parceiros3.jpg 1400w, https:\/\/seminar.com.br\/wp-content\/uploads\/2016\/01\/parceiros3-300x30.jpg 300w, https:\/\/seminar.com.br\/wp-content\/uploads\/2016\/01\/parceiros3-1024x102.jpg 1024w\" sizes=\"auto, (max-width: 1400px) 100vw, 1400px\" \/><\/p>\n<p><img loading=\"lazy\" decoding=\"async\" class=\"size-medium wp-image-331 alignleft\" src=\"http:\/\/seminar.com.br\/wp-content\/uploads\/2016\/01\/1-turma-de-Pontos-Gatilhos-300x169.jpg\" alt=\"Curso Internacional de Agulhamento a Seco \/ Dry Needling Avan\u00e7ado\" width=\"300\" height=\"169\" srcset=\"https:\/\/seminar.com.br\/wp-content\/uploads\/2016\/01\/1-turma-de-Pontos-Gatilhos-300x169.jpg 300w, https:\/\/seminar.com.br\/wp-content\/uploads\/2016\/01\/1-turma-de-Pontos-Gatilhos-768x432.jpg 768w, https:\/\/seminar.com.br\/wp-content\/uploads\/2016\/01\/1-turma-de-Pontos-Gatilhos.jpg 960w\" sizes=\"auto, (max-width: 300px) 100vw, 300px\" \/><br \/>\nDesde 1992 o Hands-on Seminars vem buscando o que h\u00e1 de melhor na Terapia Manual, comprovadamente, para que voc\u00ea possa alcan\u00e7ar os seus sonhos profissionais, para que voc\u00ea possa ter o devido respeito de colegas e pacientes e atingir os resultados que almeja em sua carreira.<\/p>\n<p>Uma das miss\u00f5es do Hands-on Seminars \u00e9 transformar o complicado em simples, deste modo, voc\u00ea ter\u00e1 aplica\u00e7\u00f5es cl\u00ednicas pr\u00e1ticas logo ap\u00f3s o fim de cada curso.<\/p>\n<p>Qualidade aprovada pela APTA &#8211; American Physical Therapy Association &#8211; \u00e9 o que voc\u00ea merece e precisa.<\/p>\n<p>&nbsp;<\/p>\n<p>[testimonials style=&#8221;8&#8243; margin_top=&#8221;&#8221; margin_bottom=&#8221;&#8221;][testimonial name=&#8221;Flavio%20de%20Oliveira%20Fida&#8221; company=&#8221;&#8221; href=&#8221;&#8221;]<\/p>\n<p>%3Cp%3EFoi%20tudo%20%C3%B3timo.%20A%20parte%20fisiol%C3%B3gica%2C%20conceitos%20de%20aplica%C3%A7%C3%A3o%20e%20novas%20maneiras%20de%20trabalho.%20Tenho%20certeza%20que%20me%20far%C3%A1%20muita%20diferen%C3%A7a.%C2%A0Gostaria%20de%20agradecer%20%C3%A0%20organiza%C3%A7%C3%A3o%20pelo%20bom%20trabalho.%3C%2Fp%3E%0A<\/p>\n<p>[\/testimonial][\/testimonials]<\/p>\n<p>[testimonials style=&#8221;8&#8243; margin_top=&#8221;&#8221; margin_bottom=&#8221;&#8221;][testimonial name=&#8221;Fernanda%20Ferrante%20Novais&#8221; company=&#8221;&#8221; href=&#8221;&#8221;]<\/p>\n<p>%3Cp%3ECreio%20que%20al%C3%A9m%20de%20otimizar%20o%20tempo%20em%20sess%C3%A3o%2C%20poderei%20de%20forma%20mais%20efetiva%20conduzir%20meu%20paciente%20ao%20al%C3%ADvio%20da%20dor.%3C%2Fp%3E%0A<\/p>\n<p>[\/testimonial][\/testimonials]<\/p>\n<p>[testimonials style=&#8221;8&#8243; margin_top=&#8221;&#8221; margin_bottom=&#8221;&#8221;][testimonial name=&#8221;P%C3%A1dua%20Jos%C3%A9%20Barizon&#8221; company=&#8221;&#8221; href=&#8221;&#8221;]<\/p>\n<p>%3Cp%3ETive%20contato%20com%20a%20t%C3%A9cnica%20h%C3%A1%20um%20ano%20atr%C3%A1s%20e%20rever%20esses%20conceitos%20e%20aprender%20os%20novos%20sempre%20far%C3%A1%20uma%20diferen%C3%A7a%20na%20minha%20vida%20e%20na%20dos%20meus%20pacientes.%3Cbr%2F%3EVoc%C3%AAs%20sempre%20foram%20eficazes%20e%20maravilhosos%20em%20transmitir%20os%20conhecimentos.%20A%20equipe%20est%C3%A1%20de%20parab%C3%A9ns!%3C%2Fp%3E%0A<\/p>\n<p>[\/testimonial][\/testimonials]<\/p>\n<p>[testimonials style=&#8221;8&#8243; margin_top=&#8221;&#8221; margin_bottom=&#8221;&#8221;][testimonial name=&#8221;Fernanda%20Maria%20Rachid%20Vasconcelos&#8221; company=&#8221;&#8221; href=&#8221;&#8221;]<\/p>\n<p>%3Cp%3EO%20Hands-on%20Seminars%20me%C2%A0trouxe%20mais%20seguran%C3%A7a%20no%20atendimento%20ao%20paciente%2C%20no%20diagn%C3%B3stico%20certo%20e%20na%20conduta%20do%20tratamento.%20%3C%2Fp%3E%0A<\/p>\n<p>[\/testimonial][\/testimonials]<\/p>\n<p>[testimonials style=&#8221;8&#8243; margin_top=&#8221;&#8221; margin_bottom=&#8221;&#8221;][testimonial name=&#8221;Priscila%20Mendes%20Barros&#8221; company=&#8221;&#8221; href=&#8221;&#8221;]<\/p>\n<p>%3Cp%3EAchei%20importante%20o%20cuidado%20que%20os%20professores%20tiveram%20com%20nossa%20postura%20e%20cuidado%20para%20n%C3%A3o%20termos%20les%C3%B5es.%3C%2Fp%3E%0A<\/p>\n<p>[\/testimonial][\/testimonials]<\/p>\n<h2 style=\"text-align: center;\">O que h\u00e1 de MELHOR no MUNDO da TERAPIA MANUAL<\/h2>\n<h2 style=\"text-align: center;\">para VOC\u00ca e seu PACIENTE<\/h2>\n<p>[button_2 color=&#8221;green&#8221; align=&#8221;center&#8221; href=&#8221;http:\/\/seminar.com.br\/shop\/&#8221;]Garanta j\u00e1 sua Qualidade[\/button_2]<\/p>\n<p>&nbsp;<\/p>\n","protected":false},"excerpt":{"rendered":"<p>&nbsp; &nbsp; PARCEIROS Desde 1992 o Hands-on Seminars vem buscando o que h\u00e1 de melhor na Terapia Manual, comprovadamente, para que voc\u00ea possa alcan\u00e7ar os seus sonhos profissionais, para que voc\u00ea possa ter o devido respeito de colegas e pacientes e atingir os resultados que almeja em sua carreira. Uma das miss\u00f5es do Hands-on Seminars [&hellip;]<\/p>\n","protected":false},"author":1,"featured_media":0,"parent":0,"menu_order":0,"comment_status":"closed","ping_status":"closed","template":"","meta":{"footnotes":""},"class_list":["post-279","page","type-page","status-publish","czr-hentry"],"_links":{"self":[{"href":"https:\/\/seminar.com.br\/index.php?rest_route=\/wp\/v2\/pages\/279","targetHints":{"allow":["GET"]}}],"collection":[{"href":"https:\/\/seminar.com.br\/index.php?rest_route=\/wp\/v2\/pages"}],"about":[{"href":"https:\/\/seminar.com.br\/index.php?rest_route=\/wp\/v2\/types\/page"}],"author":[{"embeddable":true,"href":"https:\/\/seminar.com.br\/index.php?rest_route=\/wp\/v2\/users\/1"}],"replies":[{"embeddable":true,"href":"https:\/\/seminar.com.br\/index.php?rest_route=%2Fwp%2Fv2%2Fcomments&post=279"}],"version-history":[{"count":42,"href":"https:\/\/seminar.com.br\/index.php?rest_route=\/wp\/v2\/pages\/279\/revisions"}],"predecessor-version":[{"id":542,"href":"https:\/\/seminar.com.br\/index.php?rest_route=\/wp\/v2\/pages\/279\/revisions\/542"}],"wp:attachment":[{"href":"https:\/\/seminar.com.br\/index.php?rest_route=%2Fwp%2Fv2%2Fmedia&parent=279"}],"curies":[{"name":"wp","href":"https:\/\/api.w.org\/{rel}","templated":true}]}}