{"id":296,"date":"2016-01-13T22:56:40","date_gmt":"2016-01-14T00:56:40","guid":{"rendered":"http:\/\/seminar.com.br\/?page_id=296"},"modified":"2016-07-20T22:39:40","modified_gmt":"2016-07-21T01:39:40","slug":"contato","status":"publish","type":"page","link":"https:\/\/seminar.com.br\/?page_id=296","title":{"rendered":"Contato"},"content":{"rendered":"<p>&nbsp;<\/p>\n<p>Nosso Quartel General<\/p>\n<p>&nbsp;<\/p>\n<p>Endere\u00e7o: Rua das Glic\u00ednias\u00a0300, S\u00e3o Paulo &#8211; SP, Brasil<\/p>\n<p>Tel: (11) 4112-4045<\/p>\n<p>E-mail: info@handsonseminars.com.br<\/p>\n<p>Fique em contato<\/p>\n<p>&nbsp;<\/p>\n<p>Assine nossa newsletter e curta nossa p\u00e1gina no Facebook (links abaixo). Assim voc\u00ea estar\u00e1 sempre por dentro das \u00faltimas novidades e n\u00e3o perder\u00e1 nada.<\/p>\n<p>&nbsp;<\/p>\n","protected":false},"excerpt":{"rendered":"<p>&nbsp; Nosso Quartel General &nbsp; Endere\u00e7o: Rua das Glic\u00ednias\u00a0300, S\u00e3o Paulo &#8211; SP, Brasil Tel: (11) 4112-4045 E-mail: info@handsonseminars.com.br Fique em contato &nbsp; Assine nossa newsletter e curta nossa p\u00e1gina no Facebook (links abaixo). Assim voc\u00ea estar\u00e1 sempre por dentro das \u00faltimas novidades e n\u00e3o perder\u00e1 nada. &nbsp;<\/p>\n","protected":false},"author":1,"featured_media":0,"parent":0,"menu_order":0,"comment_status":"closed","ping_status":"closed","template":"","meta":{"footnotes":""},"class_list":["post-296","page","type-page","status-publish","czr-hentry"],"_links":{"self":[{"href":"https:\/\/seminar.com.br\/index.php?rest_route=\/wp\/v2\/pages\/296","targetHints":{"allow":["GET"]}}],"collection":[{"href":"https:\/\/seminar.com.br\/index.php?rest_route=\/wp\/v2\/pages"}],"about":[{"href":"https:\/\/seminar.com.br\/index.php?rest_route=\/wp\/v2\/types\/page"}],"author":[{"embeddable":true,"href":"https:\/\/seminar.com.br\/index.php?rest_route=\/wp\/v2\/users\/1"}],"replies":[{"embeddable":true,"href":"https:\/\/seminar.com.br\/index.php?rest_route=%2Fwp%2Fv2%2Fcomments&post=296"}],"version-history":[{"count":3,"href":"https:\/\/seminar.com.br\/index.php?rest_route=\/wp\/v2\/pages\/296\/revisions"}],"predecessor-version":[{"id":748,"href":"https:\/\/seminar.com.br\/index.php?rest_route=\/wp\/v2\/pages\/296\/revisions\/748"}],"wp:attachment":[{"href":"https:\/\/seminar.com.br\/index.php?rest_route=%2Fwp%2Fv2%2Fmedia&parent=296"}],"curies":[{"name":"wp","href":"https:\/\/api.w.org\/{rel}","templated":true}]}}